{"id":20,"date":"2022-07-27T12:06:40","date_gmt":"2022-07-27T10:06:40","guid":{"rendered":"https:\/\/der-moseltransfer.local\/impressum\/"},"modified":"2024-11-12T12:14:24","modified_gmt":"2024-11-12T11:14:24","slug":"impressum","status":"publish","type":"page","link":"https:\/\/gonzalez-transporte.de\/en\/impressum\/","title":{"rendered":"Impressum"},"content":{"rendered":"<section class=\"l-section wpb_row height_medium\"><div class=\"l-section-h i-cf\"><div class=\"g-cols vc_row via_grid cols_1 laptops-cols_inherit tablets-cols_inherit mobiles-cols_1 valign_top type_default stacking_default\"><div class=\"wpb_column vc_column_container\"><div class=\"vc_column-inner\"><div class=\"wpb_text_column\"><div class=\"wpb_wrapper\"><h4><strong><span style=\"color: #ffcc00;\">Gonzalez-Transporte GmbH &amp; Co. KG<br \/><\/span><\/strong>Auf der Wescher 15 | D-54536 Kr\u00f6v<br \/>Handelsregistergericht Amtsgericht Wittlich | HRA 41163<br \/>USt.-Id.-Nr. gem\u00e4\u00df \u00a7 27 UStG: DE 306 487 294<\/h4>\n<p><strong><span style=\"color: #ffcc00;\">Pers\u00f6nlich haftende Gesellschafterin:<\/span><\/strong><br \/>Gonzalez-Transporte Verwaltungs-GmbH<br \/>Gesch\u00e4ftsf\u00fchrerin: Dairubys Del Valle Sachsenr\u00f6der-Gonzalez<\/p>\n<p><strong><span style=\"color: #ffcc00;\">Kontakt:<\/span><\/strong><br \/>Fon: <a class=\"phone\" href=\"tel:+4965411788688\">+49 65 41 &#8211; 1 78 86 88<\/a><br \/><a href=\"mailto:info@gonzalez-transporte.de\">info@gonzalez-transporte.de<\/a> | <a href=\"https:\/\/gonzalez-transporte.de\/en\/\">www.gonzalez-transporte.de<\/a><br \/><a href=\"https:\/\/facebook.com\/gonzaleztransporte\/\">facebook.com\/gonzaleztransporte<\/a> | <a href=\"https:\/\/instagram.com\/gonzaleztransporte\/\">instagram.com\/gonzaleztransporte<\/a><\/p>\n<p>Verantwortlich f\u00fcr den Inhalt gem\u00e4\u00df \u00a7 18 Abs. 2 MStV: Gonzalez-Transporte GmbH &amp; Co. KG, Adresse wie oben.<\/p>\n<p>Plattform der Europ\u00e4ischen Kommission zur Online-Streitbeilegung (OS) f\u00fcr Verbraucher: <a href=\"https:\/\/ec.europa.eu\/consumers\/odr\/\" target=\"_blank\" rel=\"noopener\">https:\/\/ec.europa.eu\/consumers\/odr\/<\/a>. Wir sind nicht bereit und nicht verpflichtet an einem Streitbeilegungsverfahren vor einer Verbraucherschlichtungsstelle teilzunehmen.<\/p>\n<\/div><\/div><\/div><\/div><\/div><\/div><\/section>","protected":false},"excerpt":{"rendered":"","protected":false},"author":2,"featured_media":0,"parent":0,"menu_order":0,"comment_status":"closed","ping_status":"closed","template":"","meta":{"inline_featured_image":false,"footnotes":""},"class_list":["post-20","page","type-page","status-publish","hentry"],"yoast_head":"<!-- This site is optimized with the Yoast SEO plugin v27.4 - https:\/\/yoast.com\/product\/yoast-seo-wordpress\/ -->\n<title>Impressum - Gonzalez-Transporte GmbH &amp; Co. KG<\/title>\n<meta name=\"robots\" content=\"index, follow, max-snippet:-1, max-image-preview:large, max-video-preview:-1\" \/>\n<link rel=\"canonical\" href=\"https:\/\/gonzalez-transporte.de\/en\/impressum\/\" \/>\n<meta property=\"og:locale\" content=\"en_US\" \/>\n<meta property=\"og:type\" content=\"article\" \/>\n<meta property=\"og:title\" content=\"Impressum - Gonzalez-Transporte GmbH &amp; Co. KG\" \/>\n<meta property=\"og:url\" content=\"https:\/\/gonzalez-transporte.de\/en\/impressum\/\" \/>\n<meta property=\"og:site_name\" content=\"Gonzalez-Transporte GmbH &amp; Co. KG\" \/>\n<meta property=\"article:modified_time\" content=\"2024-11-12T11:14:24+00:00\" \/>\n<meta name=\"twitter:card\" content=\"summary_large_image\" \/>\n<meta name=\"twitter:label1\" content=\"Est. reading time\" \/>\n\t<meta name=\"twitter:data1\" content=\"1 minute\" \/>\n<script type=\"application\/ld+json\" class=\"yoast-schema-graph\">{\"@context\":\"https:\\\/\\\/schema.org\",\"@graph\":[{\"@type\":\"WebPage\",\"@id\":\"https:\\\/\\\/gonzalez-transporte.de\\\/impressum\\\/\",\"url\":\"https:\\\/\\\/gonzalez-transporte.de\\\/impressum\\\/\",\"name\":\"Impressum - Gonzalez-Transporte GmbH &amp; Co. KG\",\"isPartOf\":{\"@id\":\"https:\\\/\\\/gonzalez-transporte.de\\\/#website\"},\"datePublished\":\"2022-07-27T10:06:40+00:00\",\"dateModified\":\"2024-11-12T11:14:24+00:00\",\"breadcrumb\":{\"@id\":\"https:\\\/\\\/gonzalez-transporte.de\\\/impressum\\\/#breadcrumb\"},\"inLanguage\":\"en-US\",\"potentialAction\":[{\"@type\":\"ReadAction\",\"target\":[\"https:\\\/\\\/gonzalez-transporte.de\\\/impressum\\\/\"]}]},{\"@type\":\"BreadcrumbList\",\"@id\":\"https:\\\/\\\/gonzalez-transporte.de\\\/impressum\\\/#breadcrumb\",\"itemListElement\":[{\"@type\":\"ListItem\",\"position\":1,\"name\":\"Startseite\",\"item\":\"https:\\\/\\\/gonzalez-transporte.de\\\/\"},{\"@type\":\"ListItem\",\"position\":2,\"name\":\"Impressum\"}]},{\"@type\":\"WebSite\",\"@id\":\"https:\\\/\\\/gonzalez-transporte.de\\\/#website\",\"url\":\"https:\\\/\\\/gonzalez-transporte.de\\\/\",\"name\":\"Gonzalez-Transporte GmbH &amp; Co. KG\",\"description\":\"\",\"potentialAction\":[{\"@type\":\"SearchAction\",\"target\":{\"@type\":\"EntryPoint\",\"urlTemplate\":\"https:\\\/\\\/gonzalez-transporte.de\\\/?s={search_term_string}\"},\"query-input\":{\"@type\":\"PropertyValueSpecification\",\"valueRequired\":true,\"valueName\":\"search_term_string\"}}],\"inLanguage\":\"en-US\"}]}<\/script>\n<!-- \/ Yoast SEO plugin. -->","yoast_head_json":{"title":"Impressum - Gonzalez-Transporte GmbH &amp; Co. KG","robots":{"index":"index","follow":"follow","max-snippet":"max-snippet:-1","max-image-preview":"max-image-preview:large","max-video-preview":"max-video-preview:-1"},"canonical":"https:\/\/gonzalez-transporte.de\/en\/impressum\/","og_locale":"en_US","og_type":"article","og_title":"Impressum - Gonzalez-Transporte GmbH &amp; Co. KG","og_url":"https:\/\/gonzalez-transporte.de\/en\/impressum\/","og_site_name":"Gonzalez-Transporte GmbH &amp; Co. KG","article_modified_time":"2024-11-12T11:14:24+00:00","twitter_card":"summary_large_image","twitter_misc":{"Est. reading time":"1 minute"},"schema":{"@context":"https:\/\/schema.org","@graph":[{"@type":"WebPage","@id":"https:\/\/gonzalez-transporte.de\/impressum\/","url":"https:\/\/gonzalez-transporte.de\/impressum\/","name":"Impressum - Gonzalez-Transporte GmbH &amp; Co. KG","isPartOf":{"@id":"https:\/\/gonzalez-transporte.de\/#website"},"datePublished":"2022-07-27T10:06:40+00:00","dateModified":"2024-11-12T11:14:24+00:00","breadcrumb":{"@id":"https:\/\/gonzalez-transporte.de\/impressum\/#breadcrumb"},"inLanguage":"en-US","potentialAction":[{"@type":"ReadAction","target":["https:\/\/gonzalez-transporte.de\/impressum\/"]}]},{"@type":"BreadcrumbList","@id":"https:\/\/gonzalez-transporte.de\/impressum\/#breadcrumb","itemListElement":[{"@type":"ListItem","position":1,"name":"Startseite","item":"https:\/\/gonzalez-transporte.de\/"},{"@type":"ListItem","position":2,"name":"Impressum"}]},{"@type":"WebSite","@id":"https:\/\/gonzalez-transporte.de\/#website","url":"https:\/\/gonzalez-transporte.de\/","name":"Gonzalez-Transporte GmbH &amp; Co. KG","description":"","potentialAction":[{"@type":"SearchAction","target":{"@type":"EntryPoint","urlTemplate":"https:\/\/gonzalez-transporte.de\/?s={search_term_string}"},"query-input":{"@type":"PropertyValueSpecification","valueRequired":true,"valueName":"search_term_string"}}],"inLanguage":"en-US"}]}},"_links":{"self":[{"href":"https:\/\/gonzalez-transporte.de\/en\/wp-json\/wp\/v2\/pages\/20","targetHints":{"allow":["GET"]}}],"collection":[{"href":"https:\/\/gonzalez-transporte.de\/en\/wp-json\/wp\/v2\/pages"}],"about":[{"href":"https:\/\/gonzalez-transporte.de\/en\/wp-json\/wp\/v2\/types\/page"}],"author":[{"embeddable":true,"href":"https:\/\/gonzalez-transporte.de\/en\/wp-json\/wp\/v2\/users\/2"}],"replies":[{"embeddable":true,"href":"https:\/\/gonzalez-transporte.de\/en\/wp-json\/wp\/v2\/comments?post=20"}],"version-history":[{"count":16,"href":"https:\/\/gonzalez-transporte.de\/en\/wp-json\/wp\/v2\/pages\/20\/revisions"}],"predecessor-version":[{"id":1118,"href":"https:\/\/gonzalez-transporte.de\/en\/wp-json\/wp\/v2\/pages\/20\/revisions\/1118"}],"wp:attachment":[{"href":"https:\/\/gonzalez-transporte.de\/en\/wp-json\/wp\/v2\/media?parent=20"}],"curies":[{"name":"wp","href":"https:\/\/api.w.org\/{rel}","templated":true}]}}